{"id":33,"date":"2017-01-17T17:07:54","date_gmt":"2017-01-17T17:07:54","guid":{"rendered":"http:\/\/abogadoscalipensiones.com\/abcp\/?page_id=33"},"modified":"2023-01-12T19:02:57","modified_gmt":"2023-01-13T00:02:57","slug":"contactenos","status":"publish","type":"page","link":"https:\/\/abogadoscalipensiones.com\/abcp\/contactenos\/","title":{"rendered":"Contactenos"},"content":{"rendered":"\n\n\t<h2>Contactenos para ayudarle a solucionar\u00a0sus problemas jur\u00eddicos en materia de pensiones, seguridad social y derecho en general.<\/h2>\n\t<noscript class=\"ninja-forms-noscript-message\">\n\tAviso: Se requiere JavaScript para este contenido.<\/noscript>\n<div id=\"nf-form-1-cont\" class=\"nf-form-cont\" aria-live=\"polite\" aria-labelledby=\"nf-form-title-1\" aria-describedby=\"nf-form-errors-1\" role=\"form\">\n\n    <div class=\"nf-loading-spinner\"><\/div>\n\n<\/div>\n        <!-- That data is being printed as a workaround to page builders reordering the order of the scripts loaded-->\n        <script>var formDisplay=1;var nfForms=nfForms||[];var form=[];form.id='1';form.settings={\"objectType\":\"Form Setting\",\"editActive\":true,\"title\":\"Formulario de Contacto\",\"key\":\"\",\"created_at\":\"2016-08-24 16:39:20\",\"default_label_pos\":\"above\",\"conditions\":[],\"show_title\":1,\"clear_complete\":\"1\",\"hide_complete\":\"1\",\"wrapper_class\":\"\",\"element_class\":\"\",\"add_submit\":\"1\",\"logged_in\":\"\",\"not_logged_in_msg\":\"\",\"sub_limit_number\":\"\",\"sub_limit_msg\":\"<h4>Usted excedi\\u00f3 el l\\u00edmite diario de env\\u00edos de este formulario, porfavor int\\u00e9ntelo de nuevo en 24h.<\\\/h4><p><br><\\\/p>\",\"calculations\":[],\"formContentData\":[\"nombre_completo\",\"email\",\"mensaje\",\"recaptcha_1484718605664\",\"enviar\"],\"container_styles_background-color\":\"\",\"container_styles_border\":\"\",\"container_styles_border-style\":\"\",\"container_styles_border-color\":\"\",\"container_styles_color\":\"\",\"container_styles_height\":\"\",\"container_styles_width\":\"\",\"container_styles_font-size\":\"\",\"container_styles_margin\":\"\",\"container_styles_padding\":\"\",\"container_styles_display\":\"\",\"container_styles_float\":\"\",\"container_styles_show_advanced_css\":\"0\",\"container_styles_advanced\":\"\",\"title_styles_background-color\":\"\",\"title_styles_border\":\"\",\"title_styles_border-style\":\"\",\"title_styles_border-color\":\"\",\"title_styles_color\":\"\",\"title_styles_height\":\"\",\"title_styles_width\":\"\",\"title_styles_font-size\":\"\",\"title_styles_margin\":\"\",\"title_styles_padding\":\"\",\"title_styles_display\":\"\",\"title_styles_float\":\"\",\"title_styles_show_advanced_css\":\"0\",\"title_styles_advanced\":\"\",\"row_styles_background-color\":\"\",\"row_styles_border\":\"\",\"row_styles_border-style\":\"\",\"row_styles_border-color\":\"\",\"row_styles_color\":\"\",\"row_styles_height\":\"\",\"row_styles_width\":\"\",\"row_styles_font-size\":\"\",\"row_styles_margin\":\"\",\"row_styles_padding\":\"\",\"row_styles_display\":\"\",\"row_styles_show_advanced_css\":\"0\",\"row_styles_advanced\":\"\",\"row-odd_styles_background-color\":\"\",\"row-odd_styles_border\":\"\",\"row-odd_styles_border-style\":\"\",\"row-odd_styles_border-color\":\"\",\"row-odd_styles_color\":\"\",\"row-odd_styles_height\":\"\",\"row-odd_styles_width\":\"\",\"row-odd_styles_font-size\":\"\",\"row-odd_styles_margin\":\"\",\"row-odd_styles_padding\":\"\",\"row-odd_styles_display\":\"\",\"row-odd_styles_show_advanced_css\":\"0\",\"row-odd_styles_advanced\":\"\",\"success-msg_styles_background-color\":\"\",\"success-msg_styles_border\":\"\",\"success-msg_styles_border-style\":\"\",\"success-msg_styles_border-color\":\"\",\"success-msg_styles_color\":\"\",\"success-msg_styles_height\":\"\",\"success-msg_styles_width\":\"\",\"success-msg_styles_font-size\":\"\",\"success-msg_styles_margin\":\"\",\"success-msg_styles_padding\":\"\",\"success-msg_styles_display\":\"\",\"success-msg_styles_show_advanced_css\":\"0\",\"success-msg_styles_advanced\":\"\",\"error_msg_styles_background-color\":\"\",\"error_msg_styles_border\":\"\",\"error_msg_styles_border-style\":\"\",\"error_msg_styles_border-color\":\"\",\"error_msg_styles_color\":\"\",\"error_msg_styles_height\":\"\",\"error_msg_styles_width\":\"\",\"error_msg_styles_font-size\":\"\",\"error_msg_styles_margin\":\"\",\"error_msg_styles_padding\":\"\",\"error_msg_styles_display\":\"\",\"error_msg_styles_show_advanced_css\":\"0\",\"error_msg_styles_advanced\":\"\",\"currency\":\"\",\"changeEmailErrorMsg\":\"Por favor ingrese un email valido\",\"confirmFieldErrorMsg\":\"Este campo debe coincidir\",\"fieldNumberNumMinError\":\"Error de n\\u00famero m\\u00ednimo\",\"fieldNumberNumMaxError\":\"Error de n\\u00famero m\\u00e1ximo\",\"fieldNumberIncrementBy\":\"Increm\\u00e9ntalo por \",\"formErrorsCorrectErrors\":\"Por favor corrija los errores antes de enviar el formulario.\",\"validateRequiredField\":\"Esto es un campo obligatorio\",\"honeypotHoneypotError\":\"Error de Honeypot\",\"fieldsMarkedRequired\":\"Los campos marcados con * son obligatorios\",\"allow_public_link\":0,\"embed_form\":\"\",\"form_title_heading_level\":\"3\",\"unique_field_error\":\"Ya se ha enviado un formulario con este valor.\",\"ninjaForms\":\"Ninja Forms\",\"changeDateErrorMsg\":\"\\u00a1Introduce una fecha v\\u00e1lida!\",\"fieldTextareaRTEInsertLink\":\"Insertar enlace\",\"fieldTextareaRTEInsertMedia\":\"Insertar medios\",\"fieldTextareaRTESelectAFile\":\"Seleccione un archivo\",\"formHoneypot\":\"Si eres un ser humano y est\\u00e1s viendo este campo, por favor d\\u00e9jalo vac\\u00edo.\",\"fileUploadOldCodeFileUploadInProgress\":\"Subida de archivo en curso.\",\"fileUploadOldCodeFileUpload\":\"SUBIDA DE ARCHIVO\",\"currencySymbol\":\"&#36;\",\"thousands_sep\":\".\",\"decimal_point\":\",\",\"siteLocale\":\"es_ES\",\"dateFormat\":\"m\\\/d\\\/Y\",\"startOfWeek\":\"1\",\"of\":\"de\",\"previousMonth\":\"Mes anterior\",\"nextMonth\":\"Pr\\u00f3ximo mes\",\"months\":[\"Enero\",\"Febrero\",\"Marzo\",\"Abril\",\"Mayo\",\"Junio\",\"Julio\",\"Agosto\",\"Septiembre\",\"Octubre\",\"Noviembre\",\"Diciembre\"],\"monthsShort\":[\"Ene\",\"Feb\",\"Mar\",\"Abr\",\"Mayo\",\"Jun\",\"Jul\",\"Ago\",\"Sep\",\"Oct\",\"Nov\",\"Dic\"],\"weekdays\":[\"Domingo\",\"Lunes\",\"Martes\",\"Mi\\u00e9rcoles\",\"Jueves\",\"Viernes\",\"S\\u00e1bado\"],\"weekdaysShort\":[\"Dom\",\"Lun\",\"Mar\",\"Mi\\u00e9\",\"Jue\",\"Vie\",\"S\\u00e1b\"],\"weekdaysMin\":[\"Do\",\"Lu\",\"Ma\",\"Mi\",\"Ju\",\"Vi\",\"S\\u00e1\"],\"recaptchaConsentMissing\":\"reCaptcha validation couldn&#039;t load.\",\"recaptchaMissingCookie\":\"reCaptcha v3 validation couldn&#039;t load the cookie needed to submit the form.\",\"recaptchaConsentEvent\":\"Accept reCaptcha cookies before sending the form.\",\"currency_symbol\":\"\",\"beforeForm\":\"\",\"beforeFields\":\"\",\"afterFields\":\"\",\"afterForm\":\"\"};form.fields=[{\"objectType\":\"Field\",\"objectDomain\":\"fields\",\"editActive\":false,\"order\":1,\"idAttribute\":\"id\",\"label\":\"Nombre Completo\",\"key\":\"nombre_completo\",\"type\":\"textbox\",\"created_at\":\"2016-08-24 16:39:20\",\"label_pos\":\"above\",\"required\":1,\"input_limit_type\":\"characters\",\"input_limit_msg\":\"Character(s) left\",\"wrap_styles_show_advanced_css\":0,\"label_styles_show_advanced_css\":0,\"element_styles_show_advanced_css\":0,\"cellcid\":\"c3277\",\"manual_key\":false,\"default\":\"\",\"placeholder\":\"\",\"container_class\":\"\",\"element_class\":\"\",\"input_limit\":\"\",\"admin_label\":\"\",\"help_text\":\"\",\"mask\":\"\",\"custom_mask\":\"\",\"custom_name_attribute\":\"\",\"personally_identifiable\":\"\",\"value\":\"\",\"id\":1,\"beforeField\":\"\",\"afterField\":\"\",\"parentType\":\"textbox\",\"element_templates\":[\"textbox\",\"input\"],\"old_classname\":\"\",\"wrap_template\":\"wrap\"},{\"objectType\":\"Field\",\"objectDomain\":\"fields\",\"editActive\":false,\"order\":2,\"idAttribute\":\"id\",\"label\":\"Email\",\"key\":\"email\",\"type\":\"email\",\"created_at\":\"2016-08-24 16:39:20\",\"label_pos\":\"above\",\"required\":1,\"wrap_styles_show_advanced_css\":0,\"label_styles_show_advanced_css\":0,\"element_styles_show_advanced_css\":0,\"cellcid\":\"c3281\",\"default\":\"\",\"placeholder\":\"\",\"container_class\":\"\",\"element_class\":\"\",\"admin_label\":\"\",\"help_text\":\"\",\"custom_name_attribute\":\"email\",\"personally_identifiable\":1,\"value\":\"\",\"id\":2,\"beforeField\":\"\",\"afterField\":\"\",\"parentType\":\"email\",\"element_templates\":[\"email\",\"input\"],\"old_classname\":\"\",\"wrap_template\":\"wrap\"},{\"objectType\":\"Field\",\"objectDomain\":\"fields\",\"editActive\":false,\"order\":3,\"idAttribute\":\"id\",\"label\":\"Mensaje\",\"key\":\"mensaje\",\"type\":\"textarea\",\"created_at\":\"2016-08-24 16:39:20\",\"label_pos\":\"above\",\"required\":1,\"input_limit_type\":\"characters\",\"input_limit_msg\":\"Character(s) left\",\"wrap_styles_show_advanced_css\":0,\"label_styles_show_advanced_css\":0,\"element_styles_show_advanced_css\":0,\"cellcid\":\"c3284\",\"manual_key\":false,\"default\":\"\",\"placeholder\":\"\",\"container_class\":\"\",\"element_class\":\"\",\"input_limit\":\"\",\"admin_label\":\"\",\"help_text\":\"\",\"textarea_rte\":\"\",\"disable_rte_mobile\":\"\",\"textarea_media\":\"\",\"value\":\"\",\"id\":3,\"beforeField\":\"\",\"afterField\":\"\",\"parentType\":\"textarea\",\"element_templates\":[\"textarea\",\"input\"],\"old_classname\":\"\",\"wrap_template\":\"wrap\"},{\"objectType\":\"Field\",\"objectDomain\":\"fields\",\"editActive\":false,\"order\":4,\"idAttribute\":\"id\",\"label\":\"Recaptcha\",\"type\":\"recaptcha\",\"key\":\"recaptcha_1484718605664\",\"container_class\":\"\",\"element_class\":\"\",\"size\":\"invisible\",\"drawerDisabled\":false,\"label_pos\":\"hidden\",\"id\":5,\"beforeField\":\"\",\"afterField\":\"\",\"value\":\"\",\"parentType\":\"textbox\",\"element_templates\":[\"recaptcha\",\"input\"],\"old_classname\":\"\",\"wrap_template\":\"wrap\",\"site_key\":\"6LcPOxIUAAAAANrXjv8GD00ND9XRcskORGOHfzLJ\",\"theme\":\"light\",\"lang\":\"es\"},{\"objectType\":\"Field\",\"objectDomain\":\"fields\",\"editActive\":false,\"order\":5,\"idAttribute\":\"id\",\"label\":\"Enviar\",\"key\":\"enviar\",\"type\":\"submit\",\"created_at\":\"2016-08-24 16:39:20\",\"processing_label\":\"Enviando...\",\"wrap_styles_show_advanced_css\":0,\"label_styles_show_advanced_css\":0,\"element_styles_show_advanced_css\":0,\"submit_element_hover_styles_show_advanced_css\":0,\"cellcid\":\"c3287\",\"container_class\":\"\",\"element_class\":\"\",\"admin_label\":\"\",\"id\":4,\"beforeField\":\"\",\"afterField\":\"\",\"value\":\"\",\"label_pos\":\"above\",\"parentType\":\"textbox\",\"element_templates\":[\"submit\",\"button\",\"input\"],\"old_classname\":\"\",\"wrap_template\":\"wrap-no-label\"}];nfForms.push(form);<\/script>\n        \n\t\t<h4>Informaci\u00f3n de contacto<\/h4>\n\t\t\t<p>Direcci\u00f3n: Carrera 4 # 12-41 Oficina 406-407<br \/> Edificio Seguros Bolivar &#8211; Cali &#8211; Colombia<br \/> Tel\u00e9fonos: 602 889 4778 &#8211; 602 895 9162<br \/> Celular: 316 5241865<br \/> email: contacto@abogadoscalipensiones.com<\/p>\t\t\n    <iframe src=\"https:\/\/www.google.com\/maps\/embed?pb=!1m18!1m12!1m3!1d3982.575617785481!2d-76.53389618568669!3d3.4528452521745496!2m3!1f0!2f0!3f0!3m2!1i1024!2i768!4f13.1!3m3!1m2!1s0x8e30a665e3255555%3A0x767ebdebe395ce3f!2sOrientacion%20Juridica%20Ltda!5e0!3m2!1ses-419!2sco!4v1673567715023!5m2!1ses-419!2sco\" width=\"100%\" height=\"450\" allowfullscreen=\"\" loading=\"lazy\" referrerpolicy=\"no-referrer-when-downgrade\"><\/iframe>\n\n","protected":false},"excerpt":{"rendered":"<p>Contactenos para ayudarle a solucionar\u00a0sus problemas jur\u00eddicos en materia de pensiones, seguridad social y derecho en general. Informaci\u00f3n de contacto Direcci\u00f3n: Carrera 4 # 12-41 Oficina 406-407 Edificio Seguros Bolivar &#8211; Cali &#8211; Colombia Tel\u00e9fonos: 602 889 4778 &#8211; 602 895 9162 Celular: 316 5241865 email: contacto@abogadoscalipensiones.com<\/p>\n","protected":false},"author":1,"featured_media":0,"parent":0,"menu_order":0,"comment_status":"closed","ping_status":"closed","template":"pagina-contenidos.php","meta":{"footnotes":""},"class_list":["post-33","page","type-page","status-publish","hentry"],"yoast_head":"<!-- This site is optimized with the Yoast SEO plugin v27.4 - https:\/\/yoast.com\/product\/yoast-seo-wordpress\/ -->\n<title>Contactenos - Abogados Cali Pensiones<\/title>\n<meta name=\"robots\" content=\"index, follow, max-snippet:-1, max-image-preview:large, max-video-preview:-1\" \/>\n<link rel=\"canonical\" href=\"https:\/\/abogadoscalipensiones.com\/abcp\/contactenos\/\" \/>\n<meta property=\"og:locale\" content=\"es_ES\" \/>\n<meta property=\"og:type\" content=\"article\" \/>\n<meta property=\"og:title\" content=\"Contactenos - Abogados Cali Pensiones\" \/>\n<meta property=\"og:description\" content=\"Contactenos para ayudarle a solucionar\u00a0sus problemas jur\u00eddicos en materia de pensiones, seguridad social y derecho en general. Informaci\u00f3n de contacto Direcci\u00f3n: Carrera 4 # 12-41 Oficina 406-407 Edificio Seguros Bolivar &#8211; Cali &#8211; Colombia Tel\u00e9fonos: 602 889 4778 &#8211; 602 895 9162 Celular: 316 5241865 email: contacto@abogadoscalipensiones.com\" \/>\n<meta property=\"og:url\" content=\"https:\/\/abogadoscalipensiones.com\/abcp\/contactenos\/\" \/>\n<meta property=\"og:site_name\" content=\"Abogados Cali Pensiones\" \/>\n<meta property=\"article:modified_time\" content=\"2023-01-13T00:02:57+00:00\" \/>\n<meta name=\"twitter:card\" content=\"summary_large_image\" \/>\n<script type=\"application\/ld+json\" class=\"yoast-schema-graph\">{\"@context\":\"https:\\\/\\\/schema.org\",\"@graph\":[{\"@type\":\"WebPage\",\"@id\":\"https:\\\/\\\/abogadoscalipensiones.com\\\/abcp\\\/contactenos\\\/\",\"url\":\"https:\\\/\\\/abogadoscalipensiones.com\\\/abcp\\\/contactenos\\\/\",\"name\":\"Contactenos - Abogados Cali Pensiones\",\"isPartOf\":{\"@id\":\"https:\\\/\\\/abogadoscalipensiones.com\\\/abcp\\\/#website\"},\"datePublished\":\"2017-01-17T17:07:54+00:00\",\"dateModified\":\"2023-01-13T00:02:57+00:00\",\"breadcrumb\":{\"@id\":\"https:\\\/\\\/abogadoscalipensiones.com\\\/abcp\\\/contactenos\\\/#breadcrumb\"},\"inLanguage\":\"es\",\"potentialAction\":[{\"@type\":\"ReadAction\",\"target\":[\"https:\\\/\\\/abogadoscalipensiones.com\\\/abcp\\\/contactenos\\\/\"]}]},{\"@type\":\"BreadcrumbList\",\"@id\":\"https:\\\/\\\/abogadoscalipensiones.com\\\/abcp\\\/contactenos\\\/#breadcrumb\",\"itemListElement\":[{\"@type\":\"ListItem\",\"position\":1,\"name\":\"Portada\",\"item\":\"https:\\\/\\\/abogadoscalipensiones.com\\\/abcp\\\/\"},{\"@type\":\"ListItem\",\"position\":2,\"name\":\"Contactenos\"}]},{\"@type\":\"WebSite\",\"@id\":\"https:\\\/\\\/abogadoscalipensiones.com\\\/abcp\\\/#website\",\"url\":\"https:\\\/\\\/abogadoscalipensiones.com\\\/abcp\\\/\",\"name\":\"Abogados Cali Pensiones\",\"description\":\"Especialistas en pensiones\",\"publisher\":{\"@id\":\"https:\\\/\\\/abogadoscalipensiones.com\\\/abcp\\\/#organization\"},\"potentialAction\":[{\"@type\":\"SearchAction\",\"target\":{\"@type\":\"EntryPoint\",\"urlTemplate\":\"https:\\\/\\\/abogadoscalipensiones.com\\\/abcp\\\/?s={search_term_string}\"},\"query-input\":{\"@type\":\"PropertyValueSpecification\",\"valueRequired\":true,\"valueName\":\"search_term_string\"}}],\"inLanguage\":\"es\"},{\"@type\":\"Organization\",\"@id\":\"https:\\\/\\\/abogadoscalipensiones.com\\\/abcp\\\/#organization\",\"name\":\"Frank Rodriguez Abogado\",\"url\":\"https:\\\/\\\/abogadoscalipensiones.com\\\/abcp\\\/\",\"logo\":{\"@type\":\"ImageObject\",\"inLanguage\":\"es\",\"@id\":\"https:\\\/\\\/abogadoscalipensiones.com\\\/abcp\\\/#\\\/schema\\\/logo\\\/image\\\/\",\"url\":\"https:\\\/\\\/abogadoscalipensiones.com\\\/abcp\\\/wp-content\\\/uploads\\\/2017\\\/01\\\/frank-rodriguez.jpg\",\"contentUrl\":\"https:\\\/\\\/abogadoscalipensiones.com\\\/abcp\\\/wp-content\\\/uploads\\\/2017\\\/01\\\/frank-rodriguez.jpg\",\"width\":622,\"height\":622,\"caption\":\"Frank Rodriguez Abogado\"},\"image\":{\"@id\":\"https:\\\/\\\/abogadoscalipensiones.com\\\/abcp\\\/#\\\/schema\\\/logo\\\/image\\\/\"}}]}<\/script>\n<!-- \/ Yoast SEO plugin. -->","yoast_head_json":{"title":"Contactenos - Abogados Cali Pensiones","robots":{"index":"index","follow":"follow","max-snippet":"max-snippet:-1","max-image-preview":"max-image-preview:large","max-video-preview":"max-video-preview:-1"},"canonical":"https:\/\/abogadoscalipensiones.com\/abcp\/contactenos\/","og_locale":"es_ES","og_type":"article","og_title":"Contactenos - Abogados Cali Pensiones","og_description":"Contactenos para ayudarle a solucionar\u00a0sus problemas jur\u00eddicos en materia de pensiones, seguridad social y derecho en general. Informaci\u00f3n de contacto Direcci\u00f3n: Carrera 4 # 12-41 Oficina 406-407 Edificio Seguros Bolivar &#8211; Cali &#8211; Colombia Tel\u00e9fonos: 602 889 4778 &#8211; 602 895 9162 Celular: 316 5241865 email: contacto@abogadoscalipensiones.com","og_url":"https:\/\/abogadoscalipensiones.com\/abcp\/contactenos\/","og_site_name":"Abogados Cali Pensiones","article_modified_time":"2023-01-13T00:02:57+00:00","twitter_card":"summary_large_image","schema":{"@context":"https:\/\/schema.org","@graph":[{"@type":"WebPage","@id":"https:\/\/abogadoscalipensiones.com\/abcp\/contactenos\/","url":"https:\/\/abogadoscalipensiones.com\/abcp\/contactenos\/","name":"Contactenos - Abogados Cali Pensiones","isPartOf":{"@id":"https:\/\/abogadoscalipensiones.com\/abcp\/#website"},"datePublished":"2017-01-17T17:07:54+00:00","dateModified":"2023-01-13T00:02:57+00:00","breadcrumb":{"@id":"https:\/\/abogadoscalipensiones.com\/abcp\/contactenos\/#breadcrumb"},"inLanguage":"es","potentialAction":[{"@type":"ReadAction","target":["https:\/\/abogadoscalipensiones.com\/abcp\/contactenos\/"]}]},{"@type":"BreadcrumbList","@id":"https:\/\/abogadoscalipensiones.com\/abcp\/contactenos\/#breadcrumb","itemListElement":[{"@type":"ListItem","position":1,"name":"Portada","item":"https:\/\/abogadoscalipensiones.com\/abcp\/"},{"@type":"ListItem","position":2,"name":"Contactenos"}]},{"@type":"WebSite","@id":"https:\/\/abogadoscalipensiones.com\/abcp\/#website","url":"https:\/\/abogadoscalipensiones.com\/abcp\/","name":"Abogados Cali Pensiones","description":"Especialistas en pensiones","publisher":{"@id":"https:\/\/abogadoscalipensiones.com\/abcp\/#organization"},"potentialAction":[{"@type":"SearchAction","target":{"@type":"EntryPoint","urlTemplate":"https:\/\/abogadoscalipensiones.com\/abcp\/?s={search_term_string}"},"query-input":{"@type":"PropertyValueSpecification","valueRequired":true,"valueName":"search_term_string"}}],"inLanguage":"es"},{"@type":"Organization","@id":"https:\/\/abogadoscalipensiones.com\/abcp\/#organization","name":"Frank Rodriguez Abogado","url":"https:\/\/abogadoscalipensiones.com\/abcp\/","logo":{"@type":"ImageObject","inLanguage":"es","@id":"https:\/\/abogadoscalipensiones.com\/abcp\/#\/schema\/logo\/image\/","url":"https:\/\/abogadoscalipensiones.com\/abcp\/wp-content\/uploads\/2017\/01\/frank-rodriguez.jpg","contentUrl":"https:\/\/abogadoscalipensiones.com\/abcp\/wp-content\/uploads\/2017\/01\/frank-rodriguez.jpg","width":622,"height":622,"caption":"Frank Rodriguez Abogado"},"image":{"@id":"https:\/\/abogadoscalipensiones.com\/abcp\/#\/schema\/logo\/image\/"}}]}},"_links":{"self":[{"href":"https:\/\/abogadoscalipensiones.com\/abcp\/wp-json\/wp\/v2\/pages\/33","targetHints":{"allow":["GET"]}}],"collection":[{"href":"https:\/\/abogadoscalipensiones.com\/abcp\/wp-json\/wp\/v2\/pages"}],"about":[{"href":"https:\/\/abogadoscalipensiones.com\/abcp\/wp-json\/wp\/v2\/types\/page"}],"author":[{"embeddable":true,"href":"https:\/\/abogadoscalipensiones.com\/abcp\/wp-json\/wp\/v2\/users\/1"}],"replies":[{"embeddable":true,"href":"https:\/\/abogadoscalipensiones.com\/abcp\/wp-json\/wp\/v2\/comments?post=33"}],"version-history":[{"count":11,"href":"https:\/\/abogadoscalipensiones.com\/abcp\/wp-json\/wp\/v2\/pages\/33\/revisions"}],"predecessor-version":[{"id":361,"href":"https:\/\/abogadoscalipensiones.com\/abcp\/wp-json\/wp\/v2\/pages\/33\/revisions\/361"}],"wp:attachment":[{"href":"https:\/\/abogadoscalipensiones.com\/abcp\/wp-json\/wp\/v2\/media?parent=33"}],"curies":[{"name":"wp","href":"https:\/\/api.w.org\/{rel}","templated":true}]}}